{"id":1731,"date":"2022-02-07T21:51:42","date_gmt":"2022-02-07T20:51:42","guid":{"rendered":"http:\/\/annfield-mohair.com\/?page_id=1731"},"modified":"2023-07-22T20:21:23","modified_gmt":"2023-07-22T18:21:23","slug":"notre-ferme","status":"publish","type":"page","link":"https:\/\/annfield-mohair.com\/index.php\/notre-ferme\/","title":{"rendered":"Notre Ferme"},"content":{"rendered":"\t\t<div data-elementor-type=\"wp-page\" data-elementor-id=\"1731\" class=\"elementor elementor-1731\" data-elementor-post-type=\"page\">\n\t\t\t\t\t\t<section class=\"elementor-section elementor-top-section elementor-element elementor-element-bde504f elementor-section-boxed elementor-section-height-default elementor-section-height-default\" data-id=\"bde504f\" data-element_type=\"section\">\n\t\t\t\t\t\t<div class=\"elementor-container elementor-column-gap-default\">\n\t\t\t\t\t<div class=\"elementor-column elementor-col-100 elementor-top-column elementor-element elementor-element-96568e5\" data-id=\"96568e5\" data-element_type=\"column\">\n\t\t\t<div class=\"elementor-widget-wrap elementor-element-populated\">\n\t\t\t\t\t\t<div class=\"elementor-element elementor-element-5109f0a elementor-widget elementor-widget-spacer\" data-id=\"5109f0a\" data-element_type=\"widget\" data-widget_type=\"spacer.default\">\n\t\t\t\t<div class=\"elementor-widget-container\">\n\t\t\t\t\t\t\t<div class=\"elementor-spacer\">\n\t\t\t<div class=\"elementor-spacer-inner\"><\/div>\n\t\t<\/div>\n\t\t\t\t\t\t<\/div>\n\t\t\t\t<\/div>\n\t\t\t\t\t<\/div>\n\t\t<\/div>\n\t\t\t\t\t<\/div>\n\t\t<\/section>\n\t\t\t\t<section class=\"elementor-section elementor-top-section elementor-element elementor-element-680f3f9 elementor-section-boxed elementor-section-height-default elementor-section-height-default\" data-id=\"680f3f9\" data-element_type=\"section\">\n\t\t\t\t\t\t<div class=\"elementor-container elementor-column-gap-default\">\n\t\t\t\t\t<div class=\"elementor-column elementor-col-100 elementor-top-column elementor-element elementor-element-fd222f6\" data-id=\"fd222f6\" data-element_type=\"column\">\n\t\t\t<div class=\"elementor-widget-wrap elementor-element-populated\">\n\t\t\t\t\t\t<div class=\"elementor-element elementor-element-63d72f4 elementor-widget elementor-widget-text-editor\" data-id=\"63d72f4\" data-element_type=\"widget\" data-widget_type=\"text-editor.default\">\n\t\t\t\t<div class=\"elementor-widget-container\">\n\t\t\t\t\t\t\t\t\t<h3>Notre Ferme<\/h3><div id=\"ConnectiveDocSignExtentionInstalled\" data-extension-version=\"1.0.4\">\u00a0<\/div>\t\t\t\t\t\t\t\t<\/div>\n\t\t\t\t<\/div>\n\t\t\t\t\t<\/div>\n\t\t<\/div>\n\t\t\t\t\t<\/div>\n\t\t<\/section>\n\t\t\t\t<section class=\"elementor-section elementor-top-section elementor-element elementor-element-6cded5b elementor-section-boxed elementor-section-height-default elementor-section-height-default\" data-id=\"6cded5b\" data-element_type=\"section\">\n\t\t\t\t\t\t<div class=\"elementor-container elementor-column-gap-default\">\n\t\t\t\t\t<div class=\"elementor-column elementor-col-50 elementor-top-column elementor-element elementor-element-ac1a685\" data-id=\"ac1a685\" data-element_type=\"column\">\n\t\t\t<div class=\"elementor-widget-wrap elementor-element-populated\">\n\t\t\t\t\t\t<div class=\"elementor-element elementor-element-7137275 elementor-widget elementor-widget-text-editor\" data-id=\"7137275\" data-element_type=\"widget\" data-widget_type=\"text-editor.default\">\n\t\t\t\t<div class=\"elementor-widget-container\">\n\t\t\t\t\t\t\t\t\t<div style=\"text-align: justify;\"><h2><strong>L&#8217;exploitation<\/strong><\/h2><\/div><div id=\"ConnectiveDocSignExtentionInstalled\" data-extension-version=\"1.0.4\">\u00a0<\/div>\t\t\t\t\t\t\t\t<\/div>\n\t\t\t\t<\/div>\n\t\t\t\t<div class=\"elementor-element elementor-element-299f4f9 elementor-widget elementor-widget-text-editor\" data-id=\"299f4f9\" data-element_type=\"widget\" data-widget_type=\"text-editor.default\">\n\t\t\t\t<div class=\"elementor-widget-container\">\n\t\t\t\t\t\t\t\t\t<div style=\"text-align: justify;\"><p>Annfield Farm est une propri\u00e9t\u00e9 familiale nich\u00e9e dans les collines \u00e9cossaises juste au nord d\u2019\u00c9dimbourg.<br \/>Nous sommes la 4\u00e8me g\u00e9n\u00e9ration sur ces terres. Mais, tout a bien \u00e9volu\u00e9 depuis l\u2019arri\u00e8re-grand-p\u00e8re. Notre \u00e9quipe est compos\u00e9e de 2 personnes, Laury-Anne et Andrew, partenaires \u00e0 la ferme<br \/>et dans la vie.<\/p><p>Notre duo est international : Andrew est n\u00e9 et a grandi en \u00c9cosse \u00e0 la ferme ; Laury-Anne est franco-belge, vit en \u00c9cosse depuis plus de 10 ans. Tous nos sites professionnels sont en fran\u00e7ais et en anglais, nous tenons \u00e0 garder le lien avec nos racines avec l\u2019Europe.<\/p><\/div><div id=\"ConnectiveDocSignExtentionInstalled\" data-extension-version=\"1.0.4\">\u00a0<\/div>\t\t\t\t\t\t\t\t<\/div>\n\t\t\t\t<\/div>\n\t\t\t\t\t<\/div>\n\t\t<\/div>\n\t\t\t\t<div class=\"elementor-column elementor-col-50 elementor-top-column elementor-element elementor-element-15a7c74\" data-id=\"15a7c74\" data-element_type=\"column\">\n\t\t\t<div class=\"elementor-widget-wrap elementor-element-populated\">\n\t\t\t\t\t\t<div class=\"elementor-element elementor-element-0c35375 elementor-widget elementor-widget-image\" data-id=\"0c35375\" data-element_type=\"widget\" data-widget_type=\"image.default\">\n\t\t\t\t<div class=\"elementor-widget-container\">\n\t\t\t\t\t\t\t\t\t\t\t\t<figure class=\"wp-caption\">\n\t\t\t\t\t\t\t\t\t\t<img fetchpriority=\"high\" decoding=\"async\" width=\"370\" height=\"280\" src=\"https:\/\/annfield-mohair.com\/wp-content\/uploads\/2022\/02\/image00012-370x280.jpeg\" class=\"attachment-themeplace-370x280 size-themeplace-370x280 wp-image-1734\" alt=\"\" \/>\t\t\t\t\t\t\t\t\t\t\t<figcaption class=\"widget-image-caption wp-caption-text\"><\/figcaption>\n\t\t\t\t\t\t\t\t\t\t<\/figure>\n\t\t\t\t\t\t\t\t\t<\/div>\n\t\t\t\t<\/div>\n\t\t\t\t\t<\/div>\n\t\t<\/div>\n\t\t\t\t\t<\/div>\n\t\t<\/section>\n\t\t\t\t<section class=\"elementor-section elementor-top-section elementor-element elementor-element-056568f elementor-section-boxed elementor-section-height-default elementor-section-height-default\" data-id=\"056568f\" data-element_type=\"section\">\n\t\t\t\t\t\t<div class=\"elementor-container elementor-column-gap-default\">\n\t\t\t\t\t<div class=\"elementor-column elementor-col-33 elementor-top-column elementor-element elementor-element-c783ef0\" data-id=\"c783ef0\" data-element_type=\"column\">\n\t\t\t<div class=\"elementor-widget-wrap elementor-element-populated\">\n\t\t\t\t\t\t<div class=\"elementor-element elementor-element-309f474 elementor-widget elementor-widget-image\" data-id=\"309f474\" data-element_type=\"widget\" data-widget_type=\"image.default\">\n\t\t\t\t<div class=\"elementor-widget-container\">\n\t\t\t\t\t\t\t\t\t\t\t\t<figure class=\"wp-caption\">\n\t\t\t\t\t\t\t\t\t\t<img decoding=\"async\" width=\"640\" height=\"427\" src=\"https:\/\/annfield-mohair.com\/wp-content\/uploads\/2022\/02\/image00016-768x512.jpeg\" class=\"attachment-medium_large size-medium_large wp-image-1738\" alt=\"\" srcset=\"https:\/\/annfield-mohair.com\/wp-content\/uploads\/2022\/02\/image00016-768x512.jpeg 768w, https:\/\/annfield-mohair.com\/wp-content\/uploads\/2022\/02\/image00016-300x200.jpeg 300w, https:\/\/annfield-mohair.com\/wp-content\/uploads\/2022\/02\/image00016-600x400.jpeg 600w, https:\/\/annfield-mohair.com\/wp-content\/uploads\/2022\/02\/image00016.jpeg 1024w\" sizes=\"(max-width: 640px) 100vw, 640px\" \/>\t\t\t\t\t\t\t\t\t\t\t<figcaption class=\"widget-image-caption wp-caption-text\"><\/figcaption>\n\t\t\t\t\t\t\t\t\t\t<\/figure>\n\t\t\t\t\t\t\t\t\t<\/div>\n\t\t\t\t<\/div>\n\t\t\t\t\t<\/div>\n\t\t<\/div>\n\t\t\t\t<div class=\"elementor-column elementor-col-66 elementor-top-column elementor-element elementor-element-3c24e14\" data-id=\"3c24e14\" data-element_type=\"column\">\n\t\t\t<div class=\"elementor-widget-wrap elementor-element-populated\">\n\t\t\t\t\t\t<div class=\"elementor-element elementor-element-a3a49eb elementor-widget elementor-widget-text-editor\" data-id=\"a3a49eb\" data-element_type=\"widget\" data-widget_type=\"text-editor.default\">\n\t\t\t\t<div class=\"elementor-widget-container\">\n\t\t\t\t\t\t\t\t\t<div style=\"text-align: justify;\"><h2><strong>L&#8217;\u00e9l\u00e9vage<\/strong><\/h2><\/div><div id=\"ConnectiveDocSignExtentionInstalled\" data-extension-version=\"1.0.4\">\u00a0<\/div>\t\t\t\t\t\t\t\t<\/div>\n\t\t\t\t<\/div>\n\t\t\t\t<div class=\"elementor-element elementor-element-240914c elementor-widget elementor-widget-text-editor\" data-id=\"240914c\" data-element_type=\"widget\" data-widget_type=\"text-editor.default\">\n\t\t\t\t<div class=\"elementor-widget-container\">\n\t\t\t\t\t\t\t\t\t<div style=\"text-align: justify;\"><p>Nos 7 premi\u00e8res ch\u00e8vres Angora sont arriv\u00e9es en octobre 2020 du sud de l\u2019Angleterre et se sont tr\u00e8s bien adapt\u00e9es au climat local. Notre objectif est un \u00e9levage dans le respect de l\u2019animal : heureux et sans abattage. Cet \u00e9tat d\u2019esprit d\u00e9termine nos soins:<br \/>&#8211; des groupes form\u00e9s pour un meilleur confort,<br \/>&#8211; la possibilit\u00e9 de sortir \u00e0 leur gr\u00e9,<br \/>&#8211; le vaste espace ext\u00e9rieur,<br \/>&#8211; l\u2019alimentation,<br \/>&#8211; les friandises (citrouilles pour Halloween, sapins \u00e0 d\u00e9guster \u00e0 No\u00ebl, l\u00e9gumes, fruits, \u2026 le meilleur pour nos b\u00eates).<br \/>Elles passent au moins 6 mois au pr\u00e9, soleil, grand air et herbe drue, et l\u2019hiver \u00e0 l\u2019\u00e9table, plus facile pour les dorloter et \u00eatre aux petits soins du troupeau (jusqu\u2019\u00e0 faire r\u00e9guli\u00e8rement la p\u00e9dicure de tout ce petit monde).<\/p><p><br \/>Nos choix agricoles sont guid\u00e9s par les derni\u00e8res avanc\u00e9es technologiques et<br \/>scientifiques. Tous les ans, un laboratoire teste la laine de chaque animal pour d\u00e9terminer ses qualit\u00e9s<br \/>ce qui nous permet de faire nos s\u00e9lections de reproduction et d\u2019\u00e9tablir nos statistiques.<\/p><\/div><div id=\"ConnectiveDocSignExtentionInstalled\" data-extension-version=\"1.0.4\">\u00a0<\/div>\t\t\t\t\t\t\t\t<\/div>\n\t\t\t\t<\/div>\n\t\t\t\t\t<\/div>\n\t\t<\/div>\n\t\t\t\t\t<\/div>\n\t\t<\/section>\n\t\t\t\t<section class=\"elementor-section elementor-top-section elementor-element elementor-element-0ab648f elementor-section-boxed elementor-section-height-default elementor-section-height-default\" data-id=\"0ab648f\" data-element_type=\"section\">\n\t\t\t\t\t\t<div class=\"elementor-container elementor-column-gap-default\">\n\t\t\t\t\t<div class=\"elementor-column elementor-col-66 elementor-top-column elementor-element elementor-element-05637cf\" data-id=\"05637cf\" data-element_type=\"column\">\n\t\t\t<div class=\"elementor-widget-wrap elementor-element-populated\">\n\t\t\t\t\t\t<div class=\"elementor-element elementor-element-86a5757 elementor-widget elementor-widget-text-editor\" data-id=\"86a5757\" data-element_type=\"widget\" data-widget_type=\"text-editor.default\">\n\t\t\t\t<div class=\"elementor-widget-container\">\n\t\t\t\t\t\t\t\t\t<h2 style=\"text-align: justify;\">L&#8217;\u00e9thique<\/h2><div id=\"ConnectiveDocSignExtentionInstalled\" data-extension-version=\"1.0.4\">\u00a0<\/div>\t\t\t\t\t\t\t\t<\/div>\n\t\t\t\t<\/div>\n\t\t\t\t<div class=\"elementor-element elementor-element-b52da03 elementor-widget elementor-widget-text-editor\" data-id=\"b52da03\" data-element_type=\"widget\" data-widget_type=\"text-editor.default\">\n\t\t\t\t<div class=\"elementor-widget-container\">\n\t\t\t\t\t\t\t\t\t<p>Nous utilisons de la laine Shetland pour m\u00e9langer avec notre Mohair, mais nous produisons aussi des pelotes pure Shetland and des pelotes pure laine.<\/p><p>Il n\u2019est plus rentable, depuis plusieurs ann\u00e9es, de vendre la laine de mouton, si bien que l\u2019on voit certains \u00e9leveurs la br\u00fbler dans les champs. Nos producteurs de laine re\u00e7oivent un prix qui non seulement couvre le co\u00fbt de production mais leur permet un b\u00e9n\u00e9fice.<br \/>Nous sommes convaincus que la laine n\u2019a pas seulement un potentiel mais une valeur. Nous voulons prouver qu\u2019il est faisable d\u2019avoir une laine \u00c9cossaise de tr\u00e8s grande qualit\u00e9 et qu\u2019un march\u00e9 existe pour ce produit.<br \/>Nos laines sont 100 % laine \u2013 pas de plastique \u00e0 Annfield Farm!<\/p><p>Pour prot\u00e9ger l\u2019environnement nous limitons notre empreinte carbone en utilisant une filature aussi proches que possible.<br \/>Tous nos emballages respectent l\u2019environnement. Ils sont majoritairement fabriqu\u00e9s avec des mat\u00e9riaux recycl\u00e9s, eux-m\u00eames recyclables ou compostables.<br \/>Tous les ans, nous plantons des arbres \u00e0 la ferme pour participer au combat contre le r\u00e9chauffement climatique.<\/p>\t\t\t\t\t\t\t\t<\/div>\n\t\t\t\t<\/div>\n\t\t\t\t\t<\/div>\n\t\t<\/div>\n\t\t\t\t<div class=\"elementor-column elementor-col-33 elementor-top-column elementor-element elementor-element-7ed61c2\" data-id=\"7ed61c2\" data-element_type=\"column\">\n\t\t\t<div class=\"elementor-widget-wrap elementor-element-populated\">\n\t\t\t\t\t\t<div class=\"elementor-element elementor-element-e09ccb2 elementor-widget elementor-widget-image\" data-id=\"e09ccb2\" data-element_type=\"widget\" data-widget_type=\"image.default\">\n\t\t\t\t<div class=\"elementor-widget-container\">\n\t\t\t\t\t\t\t\t\t\t\t\t\t\t\t<img decoding=\"async\" width=\"640\" height=\"853\" src=\"https:\/\/annfield-mohair.com\/wp-content\/uploads\/2022\/02\/image00001.jpeg\" class=\"attachment-medium_large size-medium_large wp-image-1742\" alt=\"\" srcset=\"https:\/\/annfield-mohair.com\/wp-content\/uploads\/2022\/02\/image00001.jpeg 768w, https:\/\/annfield-mohair.com\/wp-content\/uploads\/2022\/02\/image00001-225x300.jpeg 225w, https:\/\/annfield-mohair.com\/wp-content\/uploads\/2022\/02\/image00001-600x800.jpeg 600w\" sizes=\"(max-width: 640px) 100vw, 640px\" \/>\t\t\t\t\t\t\t\t\t\t\t\t\t\t\t<\/div>\n\t\t\t\t<\/div>\n\t\t\t\t\t<\/div>\n\t\t<\/div>\n\t\t\t\t\t<\/div>\n\t\t<\/section>\n\t\t\t\t<section class=\"elementor-section elementor-top-section elementor-element elementor-element-d6918e7 elementor-section-boxed elementor-section-height-default elementor-section-height-default\" data-id=\"d6918e7\" data-element_type=\"section\">\n\t\t\t\t\t\t<div class=\"elementor-container elementor-column-gap-default\">\n\t\t\t\t\t<div class=\"elementor-column elementor-col-100 elementor-top-column elementor-element elementor-element-a8d8f35\" data-id=\"a8d8f35\" data-element_type=\"column\">\n\t\t\t<div class=\"elementor-widget-wrap elementor-element-populated\">\n\t\t\t\t\t\t<div class=\"elementor-element elementor-element-4c97d7b elementor-arrows-position-inside elementor-pagination-position-outside elementor-widget elementor-widget-image-carousel\" data-id=\"4c97d7b\" data-element_type=\"widget\" data-settings=\"{&quot;navigation&quot;:&quot;both&quot;,&quot;autoplay&quot;:&quot;yes&quot;,&quot;pause_on_hover&quot;:&quot;yes&quot;,&quot;pause_on_interaction&quot;:&quot;yes&quot;,&quot;autoplay_speed&quot;:5000,&quot;infinite&quot;:&quot;yes&quot;,&quot;speed&quot;:500}\" data-widget_type=\"image-carousel.default\">\n\t\t\t\t<div class=\"elementor-widget-container\">\n\t\t\t\t\t\t\t<div class=\"elementor-image-carousel-wrapper swiper\" role=\"region\" aria-roledescription=\"carousel\" aria-label=\"Image Carousel\" dir=\"ltr\">\n\t\t\t<div class=\"elementor-image-carousel swiper-wrapper\" aria-live=\"off\">\n\t\t\t\t\t\t\t\t<div class=\"swiper-slide\" role=\"group\" aria-roledescription=\"slide\" aria-label=\"1 of 4\"><figure class=\"swiper-slide-inner\"><img decoding=\"async\" class=\"swiper-slide-image\" src=\"https:\/\/annfield-mohair.com\/wp-content\/uploads\/2022\/02\/image00004.jpeg\" alt=\"image00004\" \/><\/figure><\/div><div class=\"swiper-slide\" role=\"group\" aria-roledescription=\"slide\" aria-label=\"2 of 4\"><figure class=\"swiper-slide-inner\"><img decoding=\"async\" class=\"swiper-slide-image\" src=\"https:\/\/annfield-mohair.com\/wp-content\/uploads\/2022\/02\/image00005.jpeg\" alt=\"image00005\" \/><\/figure><\/div><div class=\"swiper-slide\" role=\"group\" aria-roledescription=\"slide\" aria-label=\"3 of 4\"><figure class=\"swiper-slide-inner\"><img decoding=\"async\" class=\"swiper-slide-image\" src=\"https:\/\/annfield-mohair.com\/wp-content\/uploads\/2022\/02\/image00006-1.jpeg\" alt=\"image00006\" \/><\/figure><\/div><div class=\"swiper-slide\" role=\"group\" aria-roledescription=\"slide\" aria-label=\"4 of 4\"><figure class=\"swiper-slide-inner\"><img decoding=\"async\" class=\"swiper-slide-image\" src=\"https:\/\/annfield-mohair.com\/wp-content\/uploads\/2022\/02\/image00008.jpeg\" alt=\"image00008\" \/><\/figure><\/div>\t\t\t<\/div>\n\t\t\t\t\t\t\t\t\t\t\t\t<div class=\"elementor-swiper-button elementor-swiper-button-prev\" role=\"button\" tabindex=\"0\">\n\t\t\t\t\t\t<i aria-hidden=\"true\" class=\"eicon-chevron-left\"><\/i>\t\t\t\t\t<\/div>\n\t\t\t\t\t<div class=\"elementor-swiper-button elementor-swiper-button-next\" role=\"button\" tabindex=\"0\">\n\t\t\t\t\t\t<i aria-hidden=\"true\" class=\"eicon-chevron-right\"><\/i>\t\t\t\t\t<\/div>\n\t\t\t\t\n\t\t\t\t\t\t\t\t\t<div class=\"swiper-pagination\"><\/div>\n\t\t\t\t\t\t\t\t\t<\/div>\n\t\t\t\t\t\t<\/div>\n\t\t\t\t<\/div>\n\t\t\t\t\t<\/div>\n\t\t<\/div>\n\t\t\t\t\t<\/div>\n\t\t<\/section>\n\t\t\t\t<\/div>\n\t\t","protected":false},"excerpt":{"rendered":"<p>Notre Ferme \u00a0 L&#8217;exploitation \u00a0 Annfield Farm est une propri\u00e9t\u00e9 familiale nich\u00e9e dans les collines \u00e9cossaises juste au nord d\u2019\u00c9dimbourg.Nous sommes la 4\u00e8me g\u00e9n\u00e9ration sur ces terres. Mais, tout a bien \u00e9volu\u00e9 depuis l\u2019arri\u00e8re-grand-p\u00e8re. Notre \u00e9quipe est compos\u00e9e de 2 personnes, Laury-Anne et Andrew, partenaires \u00e0 la fermeet dans la vie. Notre duo est international [&hellip;]<\/p>\n","protected":false},"author":1,"featured_media":0,"parent":0,"menu_order":0,"comment_status":"closed","ping_status":"closed","template":"elementor_header_footer","meta":{"_bbp_topic_count":0,"_bbp_reply_count":0,"_bbp_total_topic_count":0,"_bbp_total_reply_count":0,"_bbp_voice_count":0,"_bbp_anonymous_reply_count":0,"_bbp_topic_count_hidden":0,"_bbp_reply_count_hidden":0,"_bbp_forum_subforum_count":0,"footnotes":""},"class_list":["post-1731","page","type-page","status-publish","hentry"],"_links":{"self":[{"href":"https:\/\/annfield-mohair.com\/index.php\/wp-json\/wp\/v2\/pages\/1731","targetHints":{"allow":["GET"]}}],"collection":[{"href":"https:\/\/annfield-mohair.com\/index.php\/wp-json\/wp\/v2\/pages"}],"about":[{"href":"https:\/\/annfield-mohair.com\/index.php\/wp-json\/wp\/v2\/types\/page"}],"author":[{"embeddable":true,"href":"https:\/\/annfield-mohair.com\/index.php\/wp-json\/wp\/v2\/users\/1"}],"replies":[{"embeddable":true,"href":"https:\/\/annfield-mohair.com\/index.php\/wp-json\/wp\/v2\/comments?post=1731"}],"version-history":[{"count":51,"href":"https:\/\/annfield-mohair.com\/index.php\/wp-json\/wp\/v2\/pages\/1731\/revisions"}],"predecessor-version":[{"id":2296,"href":"https:\/\/annfield-mohair.com\/index.php\/wp-json\/wp\/v2\/pages\/1731\/revisions\/2296"}],"wp:attachment":[{"href":"https:\/\/annfield-mohair.com\/index.php\/wp-json\/wp\/v2\/media?parent=1731"}],"curies":[{"name":"wp","href":"https:\/\/api.w.org\/{rel}","templated":true}]}}